{"id":18,"date":"2021-08-03T12:32:00","date_gmt":"2021-08-03T12:32:00","guid":{"rendered":"https:\/\/www.cssigniter.com\/demos\/korina\/?page_id=18"},"modified":"2026-04-16T12:23:55","modified_gmt":"2026-04-16T12:23:55","slug":"home","status":"publish","type":"page","link":"https:\/\/tsarettaspicefrance.com\/fr\/","title":{"rendered":"Home"},"content":{"rendered":"<div class=\"wp-container-1 wp-block-group alignfull\"><div class=\"wp-block-group__inner-container\">\t\t<div id=\"maxslider-block-e88f3a-34\" class=\"wp-block-maxslider-slider maxslider-block-e88f3a-34\">\n\t\t\t<div\n\tid=\"maxslider-57\"\n\tclass=\"maxslider\"\n\tdata-autoslide=\"true\" data-effect=\"fade\" data-slide-speed=\"5000\" data-height=\"850\" data-height_unit=\"px\" data-navigation=\"arrows\" data-navigation_fg_color=\"#ffffff\" data-navigation_bg_color=\"rgba(0, 0, 0, 0)\" data-image_size=\"full\" data-arrows=\"1\" data-arrows_fg_color=\"#ffffff\" data-arrows_bg_color=\"rgba(0, 0, 0, 0)\" >\n\t\t<div class=\"maxslider-slide maxslider-57-slide-0\">\n\t\t<div class=\"maxslider-slide-content maxslider-align-center maxslider-align-middle\">\n\t\t\t<div class=\"maxslider-slide-content-pad\">\n\t\t\t\t\t\t\t\t\t<h3 class=\"maxslider-slide-title\">\n\t\t\t\t\t\tBienvenue au Tsaretta Spice M\u00e9ribel\t\t\t\t\t<\/h3>\n\t\t\t\t\n\t\t\t\t\t\t\t\t\t<p class=\"maxslider-slide-subtitle\">\n\t\t\t\t\t\tUne exp\u00e9rience de restaurant indien dynamique et raffin\u00e9e\t\t\t\t\t<\/p>\n\t\t\t\t\n\t\t\t\t\t\t\t\t\t<a href=\"https:\/\/bookings.zenchef.com\/results?rid=368892&#038;pid=1001\" class=\"maxslider-btn maxslider-btn-default\">\n\t\t\t\t\t\tR\u00c9SERVER UNE TABLE\t\t\t\t\t<\/a>\n\t\t\t\t\t\t\t<\/div>\n\t\t<\/div>\n\t<\/div>\n\t<div class=\"maxslider-slide maxslider-57-slide-1\">\n\t\t<div class=\"maxslider-slide-content maxslider-align-center maxslider-align-middle\">\n\t\t\t<div class=\"maxslider-slide-content-pad\">\n\t\t\t\t\t\t\t\t\t<h3 class=\"maxslider-slide-title\">\n\t\t\t\t\t\tOne of the most popular restaurants in Meribel\t\t\t\t\t<\/h3>\n\t\t\t\t\n\t\t\t\t\t\t\t\t\t<p class=\"maxslider-slide-subtitle\">\n\t\t\t\t\t\tNous proposons des currys \u00e0 manger sur place, ou \u00e0 emporter\t\t\t\t\t<\/p>\n\t\t\t\t\n\t\t\t\t\t\t\t\t\t<a href=\"https:\/\/www.tripadvisor.com\/Restaurant_Review-g580182-d11908006-Reviews-Tsaretta_Spice_Meribel-Meribel_Les_Allues_Savoie_Auvergne_Rhone_Alpes.html\" class=\"maxslider-btn maxslider-btn-default\">\n\t\t\t\t\t\tLIRE NOS AVIS\t\t\t\t\t<\/a>\n\t\t\t\t\t\t\t<\/div>\n\t\t<\/div>\n\t<\/div>\n\t<div class=\"maxslider-slide maxslider-57-slide-2\">\n\t\t<div class=\"maxslider-slide-content maxslider-align-center maxslider-align-middle\">\n\t\t\t<div class=\"maxslider-slide-content-pad\">\n\t\t\t\t\t\t\t\t\t<h3 class=\"maxslider-slide-title\">\n\t\t\t\t\t\tAttendez-vous \u00e0 une cuisine indienne haut de gamme et inventive\t\t\t\t\t<\/h3>\n\t\t\t\t\n\t\t\t\t\t\t\t\t\t<p class=\"maxslider-slide-subtitle\">\n\t\t\t\t\t\tC'est le repas alternatif parfait pendant vos vacances\t\t\t\t\t<\/p>\n\t\t\t\t\n\t\t\t\t\t\t\t\t\t<a href=\"https:\/\/tsarettaspicefrance.com\/en_gb\/menu\/starters-tandoor-mains\/\" class=\"maxslider-btn maxslider-btn-default\">\n\t\t\t\t\t\tVOIR LE MENU\t\t\t\t\t<\/a>\n\t\t\t\t\t\t\t<\/div>\n\t\t<\/div>\n\t<\/div>\n<\/div>\n\t\t<\/div>\n\t\t\n\n\n<div class=\"wp-block-gutenbee-spacer block-3415c7-b010-47\" aria-hidden=\"true\"><style>.wp-block-gutenbee-spacer.block-3415c7-b010-47 { height: 40px; }\n\n\n      @media (max-width: 575px) {\n        .wp-block-gutenbee-spacer.block-3415c7-b010-47 { height: 25px; }\n      }<\/style><div class=\"wp-block-gutenbee-spacer-background\" data-parallax-speed=\"0.3\"><\/div><\/div>\n<\/div><\/div>\n\n\n\n<h2 class=\"has-text-align-center\"><strong>Nous sommes d\u00e9sormais ferm\u00e9s jusqu'\u00e0 l'\u00e9t\u00e9 \u2013 \u00e0 bient\u00f4t ! <\/strong><\/h2>\n\n\n\n<div class=\"wp-block-media-text has-media-on-the-right is-style-ignition-korina-animated-images\"><figure class=\"wp-block-media-text__media\"><img width=\"1024\" height=\"668\" src=\"https:\/\/tsarettaspicefrance.com\/wp-content\/uploads\/2022\/08\/Patta-Chaat-1024x668.jpg\" alt=\"\" class=\"wp-image-133 size-full\" srcset=\"https:\/\/tsarettaspicefrance.com\/wp-content\/uploads\/2022\/08\/Patta-Chaat-1024x668.jpg 1024w, https:\/\/tsarettaspicefrance.com\/wp-content\/uploads\/2022\/08\/Patta-Chaat-300x196.jpg 300w, https:\/\/tsarettaspicefrance.com\/wp-content\/uploads\/2022\/08\/Patta-Chaat-768x501.jpg 768w, https:\/\/tsarettaspicefrance.com\/wp-content\/uploads\/2022\/08\/Patta-Chaat-1536x1002.jpg 1536w, https:\/\/tsarettaspicefrance.com\/wp-content\/uploads\/2022\/08\/Patta-Chaat.jpg 1800w\" sizes=\"(max-width: 1024px) 100vw, 1024px\" \/><\/figure><div class=\"wp-block-media-text__content\">\n<h2 class=\"theme-animated-title\">Bienvenue \u00e0<\/h2>\n\n\n\n<h3 class=\"theme-animated-title\">Tsaretta Spice, Meribel<\/h3>\n\n\n\n<p><\/p>\n\n\n\n<p>Ouvert en 2016 et d\u00e9j\u00e0 class\u00e9 num\u00e9ro un sur TripAdvisor par M\u00e9ribel Restaurants, Tsaretta Spice, M\u00e9ribel s'est rapidement impos\u00e9 comme un haut lieu de la gastronomie.<\/p>\n\n\n\n<p>Situ\u00e9 pr\u00e8s des pistes et dirig\u00e9 par Manoj Kumar, notre incroyable chef, Tsaretta Spice, M\u00e9ribel propose une cuisine indienne haut de gamme et inventive dans les Alpes fran\u00e7aises. C'est la destination pr\u00e9f\u00e9r\u00e9e de la communaut\u00e9 locale, offrant un environnement dynamique pour retrouver des amis, prendre un verre et go\u00fbter aux d\u00e9lices culinaires de Manoj.<\/p>\n\n\n\n<div id=\"block-dddc04-ead1-45\" class=\"wp-block-gutenbee-buttons block-dddc04-ead1-45\"><style>.wp-block-gutenbee-buttons.block-dddc04-ead1-45 { justify-content: flex-start; }<\/style>\n<div id=\"block-cc314e-b218-46\" class=\"wp-block-gutenbee-button block-cc314e-b218-46\"><a href=\"https:\/\/bookings.zenchef.com\/results?rid=368892&amp;pid=1001\" target=\"_blank\" rel=\"noopener\" class=\"gutenbee-block-button-link\">R\u00c9SERVER UNE TABLE<\/a><\/div>\n<\/div>\n<\/div><\/div>\n\n\n\n<div class=\"wp-block-gutenbee-spacer block-3d1fd2-15ab-46 gutenbee-hidden-mobile\" aria-hidden=\"true\"><style>.wp-block-gutenbee-spacer.block-3d1fd2-15ab-46 { height: 70px; }\n\n\n      @media (max-width: 991px) {\n        .wp-block-gutenbee-spacer.block-3d1fd2-15ab-46 { height: 50px; }\n      }\n    \n\n      @media (max-width: 575px) {\n        .wp-block-gutenbee-spacer.block-3d1fd2-15ab-46 { height: 30px; }\n      }<\/style><div class=\"wp-block-gutenbee-spacer-background\" data-parallax-speed=\"0.3\"><\/div><\/div>\n\n\n\n<div class=\"wp-block-media-text is-style-ignition-korina-animated-images\"><figure class=\"wp-block-media-text__media\"><img width=\"1024\" height=\"1024\" src=\"https:\/\/tsarettaspicefrance.com\/wp-content\/uploads\/2025\/03\/Copy-of-Tsaretta-Logo-1-1024x1024.png\" alt=\"\" class=\"wp-image-314 size-full\" srcset=\"https:\/\/tsarettaspicefrance.com\/wp-content\/uploads\/2025\/03\/Copy-of-Tsaretta-Logo-1-1024x1024.png 1024w, https:\/\/tsarettaspicefrance.com\/wp-content\/uploads\/2025\/03\/Copy-of-Tsaretta-Logo-1-300x300.png 300w, https:\/\/tsarettaspicefrance.com\/wp-content\/uploads\/2025\/03\/Copy-of-Tsaretta-Logo-1-150x150.png 150w, https:\/\/tsarettaspicefrance.com\/wp-content\/uploads\/2025\/03\/Copy-of-Tsaretta-Logo-1-768x768.png 768w, https:\/\/tsarettaspicefrance.com\/wp-content\/uploads\/2025\/03\/Copy-of-Tsaretta-Logo-1-1536x1536.png 1536w, https:\/\/tsarettaspicefrance.com\/wp-content\/uploads\/2025\/03\/Copy-of-Tsaretta-Logo-1-12x12.png 12w, https:\/\/tsarettaspicefrance.com\/wp-content\/uploads\/2025\/03\/Copy-of-Tsaretta-Logo-1-510x510.png 510w, https:\/\/tsarettaspicefrance.com\/wp-content\/uploads\/2025\/03\/Copy-of-Tsaretta-Logo-1-160x160.png 160w, https:\/\/tsarettaspicefrance.com\/wp-content\/uploads\/2025\/03\/Copy-of-Tsaretta-Logo-1.png 1563w\" sizes=\"(max-width: 1024px) 100vw, 1024px\" \/><\/figure><div class=\"wp-block-media-text__content\">\n<h3 class=\"theme-animated-title\">Notre Chef<\/h3>\n\n\n\n<p>Notre chef cuisinier, Manoj Kumar, des contreforts de l'Himalaya aux Alpes fran\u00e7aises, a effectu\u00e9 un merveilleux voyage culinaire dans des restaurants indiens de classe mondiale partout dans le monde. Il a travaill\u00e9 \u00e0 \u00ab Ashas \u00bb, un restaurant prim\u00e9, class\u00e9 au guide Michelin et tr\u00e8s pris\u00e9 des c\u00e9l\u00e9brit\u00e9s au Moyen-Orient et au Royaume-Uni, qui n'est qu'un des \u00e9tablissements haut de gamme o\u00f9 il a affin\u00e9 ses comp\u00e9tences et acquis une exp\u00e9rience inestimable.<\/p>\n\n\n\n<div id=\"block-006ddb-101f-49\" class=\"wp-block-gutenbee-buttons block-006ddb-101f-49\"><style>.wp-block-gutenbee-buttons.block-006ddb-101f-49 { justify-content: flex-start; }<\/style>\n<div id=\"block-6be350-5eec-4c\" class=\"wp-block-gutenbee-button block-6be350-5eec-4c\"><a href=\"https:\/\/tsarettaspicefrance.com\/en_gb\/menu\/starters-tandoor-mains\/\" class=\"gutenbee-block-button-link\">VOIR LE MENU<\/a><\/div>\n<\/div>\n<\/div><\/div>\n\n\n\n<div class=\"wp-block-gutenbee-spacer block-8fd6df-9ec8-4e gutenbee-hidden-mobile\" aria-hidden=\"true\"><style>.wp-block-gutenbee-spacer.block-8fd6df-9ec8-4e { height: 70px; }\n\n\n      @media (max-width: 991px) {\n        .wp-block-gutenbee-spacer.block-8fd6df-9ec8-4e { height: 50px; }\n      }\n    \n\n      @media (max-width: 575px) {\n        .wp-block-gutenbee-spacer.block-8fd6df-9ec8-4e { height: 30px; }\n      }<\/style><div class=\"wp-block-gutenbee-spacer-background\" data-parallax-speed=\"0.3\"><\/div><\/div>\n\n\n\n<blockquote class=\"wp-block-quote has-text-align-left is-style-large is-style-plain has-medium-font-size\"><p>Super Indien, ressemblait plus \u00e0 Mumbai qu'\u00e0 M\u00e9ribel ! Un groupe d'entre nous l'a essay\u00e9 ici apr\u00e8s avoir mang\u00e9 au Tsaretta \u00e0 Londres. La nourriture et le service sont excellents. Nous \u00e9tions un grand groupe, nous avons donc partag\u00e9 la majeure partie du menu et tout \u00e9tait super. Le personnel \u00e9tait tr\u00e8s sympathique et attentionn\u00e9 tout au long de la soir\u00e9e.<\/p><cite>ebigmais sur <a href=\"https:\/\/www.tripadvisor.com\/Restaurant_Review-g580182-d11908006-Reviews-Tsaretta_Spice_Meribel-Meribel_Les_Allues_Savoie_Auvergne_Rhone_Alpes.html\" data-type=\"URL\" data-id=\"https:\/\/www.tripadvisor.com\/Restaurant_Review-g580182-d11908006-Reviews-Tsaretta_Spice_Meribel-Meribel_Les_Allues_Savoie_Auvergne_Rhone_Alpes.html\" target=\"_blank\" rel=\"noreferrer noopener\">TripAdvisor<\/a><\/cite><\/blockquote>\n\n\n\n<div class=\"wp-block-gutenbee-spacer block-f25e4b-0d5e-4d\" aria-hidden=\"true\"><style>.wp-block-gutenbee-spacer.block-f25e4b-0d5e-4d { height: 70px; }\n\n\n      @media (max-width: 991px) {\n        .wp-block-gutenbee-spacer.block-f25e4b-0d5e-4d { height: 50px; }\n      }\n    \n\n      @media (max-width: 575px) {\n        .wp-block-gutenbee-spacer.block-f25e4b-0d5e-4d { height: 30px; }\n      }<\/style><div class=\"wp-block-gutenbee-spacer-background\" data-parallax-speed=\"0.3\"><\/div><\/div>\n\n\n\n<div class=\"wp-block-media-text has-media-on-the-right is-style-ignition-korina-animated-images\"><figure class=\"wp-block-media-text__media\"><img width=\"1024\" height=\"683\" src=\"https:\/\/tsarettaspicefrance.com\/wp-content\/uploads\/2022\/08\/Spice-Twickenham-7-1024x683.jpg\" alt=\"\" class=\"wp-image-147 size-full\" srcset=\"https:\/\/tsarettaspicefrance.com\/wp-content\/uploads\/2022\/08\/Spice-Twickenham-7-1024x683.jpg 1024w, https:\/\/tsarettaspicefrance.com\/wp-content\/uploads\/2022\/08\/Spice-Twickenham-7-300x200.jpg 300w, https:\/\/tsarettaspicefrance.com\/wp-content\/uploads\/2022\/08\/Spice-Twickenham-7-768x512.jpg 768w, https:\/\/tsarettaspicefrance.com\/wp-content\/uploads\/2022\/08\/Spice-Twickenham-7-1536x1024.jpg 1536w, https:\/\/tsarettaspicefrance.com\/wp-content\/uploads\/2022\/08\/Spice-Twickenham-7-960x640.jpg 960w, https:\/\/tsarettaspicefrance.com\/wp-content\/uploads\/2022\/08\/Spice-Twickenham-7-615x410.jpg 615w, https:\/\/tsarettaspicefrance.com\/wp-content\/uploads\/2022\/08\/Spice-Twickenham-7-1170x780.jpg 1170w, https:\/\/tsarettaspicefrance.com\/wp-content\/uploads\/2022\/08\/Spice-Twickenham-7.jpg 1800w\" sizes=\"(max-width: 1024px) 100vw, 1024px\" \/><\/figure><div class=\"wp-block-media-text__content\">\n<h3 class=\"theme-animated-title\">\u00c0 propos de nous<\/h3>\n\n\n\n<p>Ayant perfectionn\u00e9 la formule Tsaretta ici dans les montagnes, les propri\u00e9taires sont ravis d'avoir transport\u00e9 leur cuisine indienne exquise et leur exp\u00e9rience de restauration passionnante dans le sud-ouest de Londres avec l'ouverture de Tsaretta Spice, Twickenham en juin 2019. Nous nous r\u00e9jouissons de vous accueillir.<\/p>\n\n\n\n<div id=\"block-094e8a-fa6e-45\" class=\"wp-block-gutenbee-buttons block-094e8a-fa6e-45\"><style>.wp-block-gutenbee-buttons.block-094e8a-fa6e-45 { justify-content: flex-start; }<\/style>\n<div id=\"block-a95fb9-5c82-41\" class=\"wp-block-gutenbee-button block-a95fb9-5c82-41\"><a href=\"https:\/\/tsarettaspice.com\/\" target=\"_blank\" rel=\"noopener\" class=\"gutenbee-block-button-link\">D\u00c9COUVREZ TSARETTA SPICE TWICKENHAM<\/a><\/div>\n<\/div>\n<\/div><\/div>\n\n\n\n<div class=\"wp-block-gutenbee-spacer block-03620a-775b-45\" aria-hidden=\"true\"><style>.wp-block-gutenbee-spacer.block-03620a-775b-45 { height: 70px; }\n\n\n      @media (max-width: 991px) {\n        .wp-block-gutenbee-spacer.block-03620a-775b-45 { height: 50px; }\n      }\n    \n\n      @media (max-width: 575px) {\n        .wp-block-gutenbee-spacer.block-03620a-775b-45 { height: 30px; }\n      }<\/style><div class=\"wp-block-gutenbee-spacer-background\" data-parallax-speed=\"0.3\"><\/div><\/div>\n\n\n\n<div class=\"wp-block-media-text is-style-ignition-korina-animated-images\"><figure class=\"wp-block-media-text__media\"><img width=\"1024\" height=\"683\" src=\"https:\/\/tsarettaspicefrance.com\/wp-content\/uploads\/2022\/08\/20200129-140-Lamb-Rogan-Josh-1024x683.jpg\" alt=\"\" class=\"wp-image-117 size-full\" srcset=\"https:\/\/tsarettaspicefrance.com\/wp-content\/uploads\/2022\/08\/20200129-140-Lamb-Rogan-Josh-1024x683.jpg 1024w, https:\/\/tsarettaspicefrance.com\/wp-content\/uploads\/2022\/08\/20200129-140-Lamb-Rogan-Josh-300x200.jpg 300w, https:\/\/tsarettaspicefrance.com\/wp-content\/uploads\/2022\/08\/20200129-140-Lamb-Rogan-Josh-768x512.jpg 768w, https:\/\/tsarettaspicefrance.com\/wp-content\/uploads\/2022\/08\/20200129-140-Lamb-Rogan-Josh-1536x1024.jpg 1536w, https:\/\/tsarettaspicefrance.com\/wp-content\/uploads\/2022\/08\/20200129-140-Lamb-Rogan-Josh-960x640.jpg 960w, https:\/\/tsarettaspicefrance.com\/wp-content\/uploads\/2022\/08\/20200129-140-Lamb-Rogan-Josh-615x410.jpg 615w, https:\/\/tsarettaspicefrance.com\/wp-content\/uploads\/2022\/08\/20200129-140-Lamb-Rogan-Josh-1170x780.jpg 1170w, https:\/\/tsarettaspicefrance.com\/wp-content\/uploads\/2022\/08\/20200129-140-Lamb-Rogan-Josh.jpg 1800w\" sizes=\"(max-width: 1024px) 100vw, 1024px\" \/><\/figure><div class=\"wp-block-media-text__content\">\n<h3 class=\"theme-animated-title\">Nos plats \u00e0 emporter<\/h3>\n\n\n\n<p>Tsaretta Spice vous propose une s\u00e9lection de d\u00e9licieux currys \u00e0 emporter.<\/p>\n\n\n\n<p><\/p>\n\n\n\n<div id=\"block-2b199f-8d64-4c\" class=\"wp-block-gutenbee-buttons block-2b199f-8d64-4c\"><style>.wp-block-gutenbee-buttons.block-2b199f-8d64-4c { justify-content: flex-start; }<\/style>\n<div id=\"block-300ce1-3445-49\" class=\"wp-block-gutenbee-button block-300ce1-3445-49\"><a href=\"https:\/\/tsarettaspicefrance.com\/en_gb\/menu\/starters-tandoor-mains\/\" class=\"gutenbee-block-button-link\">Notre Carte<\/a><\/div>\n<\/div>\n<\/div><\/div>\n\n\n\n<div class=\"wp-block-gutenbee-spacer block-a21452-b641-45 gutenbee-hidden-mobile\" aria-hidden=\"true\"><style>.wp-block-gutenbee-spacer.block-a21452-b641-45 { height: 80px; }\n\n\n      @media (max-width: 575px) {\n        .wp-block-gutenbee-spacer.block-a21452-b641-45 { height: 40px; }\n      }<\/style><div class=\"wp-block-gutenbee-spacer-background\" data-parallax-speed=\"0.3\"><\/div><\/div>","protected":false},"excerpt":{"rendered":"<p>We are now closed until the Summer &#8211; see you soon! Great Indian, felt more like Mumbai than Meribel! A group of us tried it [&hellip;]<\/p>","protected":false},"author":1,"featured_media":0,"parent":0,"menu_order":0,"comment_status":"closed","ping_status":"closed","template":"templates\/template-fullwidth-boxed.php","meta":[],"_links":{"self":[{"href":"https:\/\/tsarettaspicefrance.com\/fr\/wp-json\/wp\/v2\/pages\/18"}],"collection":[{"href":"https:\/\/tsarettaspicefrance.com\/fr\/wp-json\/wp\/v2\/pages"}],"about":[{"href":"https:\/\/tsarettaspicefrance.com\/fr\/wp-json\/wp\/v2\/types\/page"}],"author":[{"embeddable":true,"href":"https:\/\/tsarettaspicefrance.com\/fr\/wp-json\/wp\/v2\/users\/1"}],"replies":[{"embeddable":true,"href":"https:\/\/tsarettaspicefrance.com\/fr\/wp-json\/wp\/v2\/comments?post=18"}],"version-history":[{"count":31,"href":"https:\/\/tsarettaspicefrance.com\/fr\/wp-json\/wp\/v2\/pages\/18\/revisions"}],"predecessor-version":[{"id":360,"href":"https:\/\/tsarettaspicefrance.com\/fr\/wp-json\/wp\/v2\/pages\/18\/revisions\/360"}],"wp:attachment":[{"href":"https:\/\/tsarettaspicefrance.com\/fr\/wp-json\/wp\/v2\/media?parent=18"}],"curies":[{"name":"wp","href":"https:\/\/api.w.org\/{rel}","templated":true}]}}