{"id":183,"date":"2022-08-20T14:00:28","date_gmt":"2022-08-20T14:00:28","guid":{"rendered":"http:\/\/tsaretta-meribel.origami-media.com\/?page_id=183"},"modified":"2025-12-28T17:38:36","modified_gmt":"2025-12-28T17:38:36","slug":"desserts","status":"publish","type":"page","link":"https:\/\/tsarettaspicefrance.com\/fr\/menu\/desserts\/","title":{"rendered":"Desserts"},"content":{"rendered":"<div class=\"wp-container-1 is-vertical is-content-justification-center wp-block-group\">\n<h4>Y a-t-il une meilleure fa\u00e7on de terminer votre repas\u00a0?<\/h4>\n\n\n\n<p><\/p>\n\n\n\n<p class=\"has-text-align-center\">D-Lait, E-Oeuf, OF-Poisson, G-Gluten, ET-Noix, V-V\u00e9g\u00e9tarien, VS-Vegan<br>Les \u00e9l\u00e9ments de menu peuvent contenir ou entrer en contact avec des produits laitiers, des \u0153ufs, du poisson, du gluten, des noix, des crustac\u00e9s et d'autres allerg\u00e8nes. Veuillez parler \u00e0 un membre du personnel pour plus d'informations<br>Veuillez parler \u00e0 un membre du personnel pour plus d'informations<\/p>\n<\/div>\n\n\n\n<h2 id=\"block-aa4147-060d-43\" class=\"wp-block-gutenbee-heading block-aa4147-060d-43\">Desserts<\/h2><style>.wp-block-gutenbee-heading.block-aa4147-060d-43 { margin-bottom: 50px; font-size: 46px; text-align: center; }<\/style>\n\n\n\n<div id=\"block-291424-8d99-42\" class=\"wp-block-gutenbee-food-menu block-291424-8d99-42 gutenbee-food-menu-columns-desktop-1 gutenbee-food-menu-columns-tablet-1 gutenbee-food-menu-columns-mobile-1\">\n<div class=\"wp-block-gutenbee-food-menu-item block-dc64b2-3e1b-43\"><style>.block-dc64b2-3e1b-43 { align-items: flex-start; }<\/style>\n<figure id=\"block-f4b375-636c-47\" class=\"wp-block-gutenbee-image block-f4b375-636c-47 size-thumbnail\"><style>.wp-block-gutenbee-image.block-f4b375-636c-47 img { width: 80px; }<\/style><img width=\"150\" height=\"150\" src=\"https:\/\/tsarettaspicefrance.com\/wp-content\/uploads\/2022\/08\/chili-0-2.png\" alt=\"\" class=\"wp-image-160\"\/><\/figure>\n\n\n\n<div class=\"wp-block-gutenbee-food-menu-wrapper wp-block-gutenbee-food-menu-item-wrapper\">\n<h5 id=\"block-a3b88c-e699-4f\" class=\"wp-block-gutenbee-heading block-a3b88c-e699-4f\">Riz au lait maison \u00e0 la mangue et cardamome<\/h5><style>.wp-block-gutenbee-heading.block-a3b88c-e699-4f { font-size: 24px; }<\/style>\n\n\n\n<p id=\"block-254177-13f8-48\" class=\"wp-block-gutenbee-paragraph block-254177-13f8-48 wp-block-gutenbee-food-menu-item-price\">9.5\u20ac<\/p><style>.wp-block-gutenbee-paragraph.block-254177-13f8-48 { font-size: 24px; }<\/style>\n\n\n\n<p id=\"block-d5ce31-ab70-41\" class=\"wp-block-gutenbee-paragraph block-d5ce31-ab70-41\">(L)<\/p>\n<\/div>\n<\/div>\n\n\n\n<div class=\"wp-block-gutenbee-food-menu-item block-db808a-e728-46\"><style>.block-db808a-e728-46 { align-items: flex-start; }<\/style>\n<figure id=\"block-8646da-95ef-46\" class=\"wp-block-gutenbee-image block-8646da-95ef-46 size-thumbnail\"><style>.wp-block-gutenbee-image.block-8646da-95ef-46 img { width: 80px; }<\/style><img width=\"150\" height=\"150\" src=\"https:\/\/tsarettaspicefrance.com\/wp-content\/uploads\/2022\/08\/chili-0-2.png\" alt=\"\" class=\"wp-image-160\"\/><\/figure>\n\n\n\n<div class=\"wp-block-gutenbee-food-menu-wrapper wp-block-gutenbee-food-menu-item-wrapper\">\n<h5 id=\"block-3eb00c-36ad-4d\" class=\"wp-block-gutenbee-heading block-3eb00c-36ad-4d\">Ananas Tandoori<\/h5><style>.wp-block-gutenbee-heading.block-3eb00c-36ad-4d { font-size: 24px; }<\/style>\n\n\n\n<p id=\"block-007a82-dae8-44\" class=\"wp-block-gutenbee-paragraph block-007a82-dae8-44 wp-block-gutenbee-food-menu-item-price\">11\u20ac<\/p><style>.wp-block-gutenbee-paragraph.block-007a82-dae8-44 { font-size: 24px; }<\/style>\n\n\n\n<p id=\"block-5979a0-0616-44\" class=\"wp-block-gutenbee-paragraph block-5979a0-0616-44\">Servi avec glace \u00e0 la noix de coco (D)<\/p>\n<\/div>\n<\/div>\n\n\n\n<div class=\"wp-block-gutenbee-food-menu-item block-5afab1-5a63-48\"><style>.block-5afab1-5a63-48 { align-items: flex-start; }<\/style>\n<figure id=\"block-d02bf3-b7f7-46\" class=\"wp-block-gutenbee-image block-d02bf3-b7f7-46 size-thumbnail\"><style>.wp-block-gutenbee-image.block-d02bf3-b7f7-46 img { width: 80px; }<\/style><img width=\"150\" height=\"150\" src=\"https:\/\/tsarettaspicefrance.com\/wp-content\/uploads\/2022\/08\/chili-0-2.png\" alt=\"\" class=\"wp-image-160\"\/><\/figure>\n\n\n\n<div class=\"wp-block-gutenbee-food-menu-wrapper wp-block-gutenbee-food-menu-item-wrapper\">\n<h5 id=\"block-a3576c-51c0-4b\" class=\"wp-block-gutenbee-heading block-a3576c-51c0-4b\">Gulab Jamun<\/h5><style>.wp-block-gutenbee-heading.block-a3576c-51c0-4b { font-size: 24px; }<\/style>\n\n\n\n<p id=\"block-cc71f5-0c04-4a\" class=\"wp-block-gutenbee-paragraph block-cc71f5-0c04-4a wp-block-gutenbee-food-menu-item-price\">11\u20ac<\/p><style>.wp-block-gutenbee-paragraph.block-cc71f5-0c04-4a { font-size: 24px; }<\/style>\n\n\n\n<p id=\"block-1f42f3-b248-42\" class=\"wp-block-gutenbee-paragraph block-1f42f3-b248-42\">Gateau traditionel plong\u00e9 dans un sirop \u00e9pais parfum\u00e9 \u00e0 la cardamome servi avec une glace vanille (G, L)<\/p>\n<\/div>\n<\/div>\n\n\n\n<div class=\"wp-block-gutenbee-food-menu-item block-04ce43-13de-4b\"><style>.block-04ce43-13de-4b { align-items: flex-start; }<\/style>\n<figure id=\"block-d83127-0480-45\" class=\"wp-block-gutenbee-image block-d83127-0480-45 size-thumbnail\"><style>.wp-block-gutenbee-image.block-d83127-0480-45 img { width: 80px; }<\/style><img width=\"150\" height=\"150\" src=\"https:\/\/tsarettaspicefrance.com\/wp-content\/uploads\/2022\/08\/chili-0-2.png\" alt=\"\" class=\"wp-image-160\"\/><\/figure>\n\n\n\n<div class=\"wp-block-gutenbee-food-menu-wrapper wp-block-gutenbee-food-menu-item-wrapper\">\n<h5 id=\"block-99ef15-cc66-49\" class=\"wp-block-gutenbee-heading block-99ef15-cc66-49\">Dessert Gourmand<\/h5><style>.wp-block-gutenbee-heading.block-99ef15-cc66-49 { font-size: 24px; }<\/style>\n\n\n\n<p id=\"block-2cfac6-660b-41\" class=\"wp-block-gutenbee-paragraph block-2cfac6-660b-41 wp-block-gutenbee-food-menu-item-price\">13\u20ac<\/p><style>.wp-block-gutenbee-paragraph.block-2cfac6-660b-41 { font-size: 24px; }<\/style>\n\n\n\n<p id=\"block-a3445c-a502-47\" class=\"wp-block-gutenbee-paragraph block-a3445c-a502-47\">Riz au lait, Ananas tandoori, douceur chocolat\u00e9e (L,O,G)<\/p>\n<\/div>\n<\/div>\n<\/div>\n\n\n\n<p class=\"has-text-align-center\"><strong>PLATS \u00c0 EMPORTER\u00a0: <br><\/strong>Our \u00e0 la carte menu is available to take away everyday from 6:00pm \u2013 10pm. Please note that some of our dishes, in red<br>au menu ne sont pas disponibles \u00e0 emporter car les ingr\u00e9dients et la pr\u00e9paration des plats ne se pr\u00eatent pas aux plats \u00e0 emporter.<\/p>\n\n\n\n<div class=\"wp-container-2 is-content-justification-center wp-block-buttons\">\n<div class=\"wp-block-button is-style-fill\"><a class=\"wp-block-button__link has-theme-white-color has-text-color has-background\" href=\"https:\/\/bookings.zenchef.com\/results?rid=368892&amp;pid=1001\" style=\"background-color:#e51d1d\">R\u00c9SERVER UNE TABLE<\/a><\/div>\n<\/div>","protected":false},"excerpt":{"rendered":"<p>Is there a better way to end your meal? Allergens: D-Dairy, F-Fish, G-Gluten, N-Nuts, V-Vegetarian, VE-VeganMenu items may contain or come into contact with dairy, [&hellip;]<\/p>","protected":false},"author":1,"featured_media":0,"parent":30,"menu_order":0,"comment_status":"closed","ping_status":"closed","template":"templates\/template-fullwidth-narrow.php","meta":[],"_links":{"self":[{"href":"https:\/\/tsarettaspicefrance.com\/fr\/wp-json\/wp\/v2\/pages\/183"}],"collection":[{"href":"https:\/\/tsarettaspicefrance.com\/fr\/wp-json\/wp\/v2\/pages"}],"about":[{"href":"https:\/\/tsarettaspicefrance.com\/fr\/wp-json\/wp\/v2\/types\/page"}],"author":[{"embeddable":true,"href":"https:\/\/tsarettaspicefrance.com\/fr\/wp-json\/wp\/v2\/users\/1"}],"replies":[{"embeddable":true,"href":"https:\/\/tsarettaspicefrance.com\/fr\/wp-json\/wp\/v2\/comments?post=183"}],"version-history":[{"count":13,"href":"https:\/\/tsarettaspicefrance.com\/fr\/wp-json\/wp\/v2\/pages\/183\/revisions"}],"predecessor-version":[{"id":350,"href":"https:\/\/tsarettaspicefrance.com\/fr\/wp-json\/wp\/v2\/pages\/183\/revisions\/350"}],"up":[{"embeddable":true,"href":"https:\/\/tsarettaspicefrance.com\/fr\/wp-json\/wp\/v2\/pages\/30"}],"wp:attachment":[{"href":"https:\/\/tsarettaspicefrance.com\/fr\/wp-json\/wp\/v2\/media?parent=183"}],"curies":[{"name":"wp","href":"https:\/\/api.w.org\/{rel}","templated":true}]}}