{"id":319,"date":"2025-06-26T13:18:14","date_gmt":"2025-06-26T13:18:14","guid":{"rendered":"https:\/\/tsarettaspicefrance.com\/?page_id=319"},"modified":"2026-04-29T14:13:41","modified_gmt":"2026-04-29T14:13:41","slug":"summer-menu","status":"publish","type":"page","link":"https:\/\/tsarettaspicefrance.com\/fr\/menu\/summer-menu\/","title":{"rendered":"Menu d'\u00e9t\u00e9"},"content":{"rendered":"<h4 class=\"has-text-align-center\">C'est ici que vous d\u00e9couvrirez le flair cr\u00e9atif de notre \u00e9quipe de chefs. Nous sommes s\u00fbrs que vous d\u00e9couvrirez vos plats asiatiques pr\u00e9f\u00e9r\u00e9s, ainsi que des plats contemporains. N'oubliez pas de demander \u00e0 un membre du personnel le plat du jour fra\u00eechement pr\u00e9par\u00e9 par notre chef de cuisine\u00a0!<\/h4>\n\n\n\n<p class=\"has-text-align-center\"><strong>Allerg\u00e8nes\u00a0:<\/strong><br>D-Lait, E-Oeuf, OF-Poisson, G-Gluten, ET-Noix, V-V\u00e9g\u00e9tarien, VS-Vegan<br>Pour d'autres options v\u00e9g\u00e9taliennes, veuillez demander \u00e0 un membre du personnel<br>Les \u00e9l\u00e9ments de menu peuvent contenir ou entrer en contact avec des produits laitiers, des \u0153ufs, du poisson, du gluten, des noix, des crustac\u00e9s et d'autres allerg\u00e8nes. Veuillez parler \u00e0 un membre du personnel pour plus d'informations<\/p>\n\n\n\n<p class=\"has-text-align-center\"><strong>Spice Rating<\/strong><br><img width=\"68\" height=\"68\" class=\"wp-image-256\" style=\"width: 40px;\" src=\"https:\/\/tsarettaspicefrance.com\/wp-content\/uploads\/2022\/09\/chili-1.gif\" alt=\"\" srcset=\"https:\/\/tsarettaspicefrance.com\/wp-content\/uploads\/2022\/09\/chili-1.gif 68w, https:\/\/tsarettaspicefrance.com\/wp-content\/uploads\/2022\/09\/chili-1-12x12.gif 12w\" sizes=\"(max-width: 68px) 100vw, 68px\" \/> = Medium  <img width=\"68\" height=\"68\" class=\"wp-image-255\" style=\"width: 40px;\" src=\"https:\/\/tsarettaspicefrance.com\/wp-content\/uploads\/2022\/09\/chili2.gif\" alt=\"\" srcset=\"https:\/\/tsarettaspicefrance.com\/wp-content\/uploads\/2022\/09\/chili2.gif 68w, https:\/\/tsarettaspicefrance.com\/wp-content\/uploads\/2022\/09\/chili2-12x12.gif 12w\" sizes=\"(max-width: 68px) 100vw, 68px\" \/> = Spicy<\/p>\n\n\n\n<h2 id=\"block-aa4147-060d-43\" class=\"wp-block-gutenbee-heading block-aa4147-060d-43\">Entr\u00e9es<\/h2><style>.wp-block-gutenbee-heading.block-aa4147-060d-43 { margin-bottom: 50px; font-size: 46px; text-align: center; }<\/style>\n\n\n\n<div id=\"block-291424-8d99-42\" class=\"wp-block-gutenbee-food-menu block-291424-8d99-42 gutenbee-food-menu-columns-desktop-1 gutenbee-food-menu-columns-tablet-1 gutenbee-food-menu-columns-mobile-1\">\n<div class=\"wp-block-gutenbee-food-menu-item block-dc64b2-3e1b-43\"><style>.block-dc64b2-3e1b-43 { align-items: flex-start; }<\/style>\n<figure id=\"block-f4b375-636c-47\" class=\"wp-block-gutenbee-image block-f4b375-636c-47 size-thumbnail\"><style>.wp-block-gutenbee-image.block-f4b375-636c-47 img { width: 80px; }<\/style><img width=\"150\" height=\"150\" src=\"https:\/\/tsarettaspicefrance.com\/wp-content\/uploads\/2022\/08\/chili-0-2.png\" alt=\"\" class=\"wp-image-160\"\/><\/figure>\n\n\n\n<div class=\"wp-block-gutenbee-food-menu-wrapper wp-block-gutenbee-food-menu-item-wrapper\">\n<h5 id=\"block-a3b88c-e699-4f\" class=\"wp-block-gutenbee-heading block-a3b88c-e699-4f\">Papadums<\/h5><style>.wp-block-gutenbee-heading.block-a3b88c-e699-4f { font-size: 24px; }<\/style>\n\n\n\n<p id=\"block-254177-13f8-48\" class=\"wp-block-gutenbee-paragraph block-254177-13f8-48 wp-block-gutenbee-food-menu-item-price\">6\u20ac<\/p><style>.wp-block-gutenbee-paragraph.block-254177-13f8-48 { font-size: 24px; }<\/style>\n\n\n\n<p id=\"block-d5ce31-ab70-41\" class=\"wp-block-gutenbee-paragraph block-d5ce31-ab70-41\">Servi avec nos chutneys maison (D,V)<\/p>\n<\/div>\n<\/div>\n\n\n\n<div class=\"wp-block-gutenbee-food-menu-item block-91ded3-8c19-4f\"><style>.block-91ded3-8c19-4f { align-items: flex-start; }<\/style>\n<figure id=\"block-1cc076-b87f-47\" class=\"wp-block-gutenbee-image block-1cc076-b87f-47 size-thumbnail\"><style>.wp-block-gutenbee-image.block-1cc076-b87f-47 img { width: 80px; }<\/style><img width=\"150\" height=\"150\" src=\"https:\/\/tsarettaspicefrance.com\/wp-content\/uploads\/2022\/08\/chili-0-2.png\" alt=\"\" class=\"wp-image-160\"\/><\/figure>\n\n\n\n<div class=\"wp-block-gutenbee-food-menu-wrapper wp-block-gutenbee-food-menu-item-wrapper\">\n<h5 id=\"block-ed0287-27f6-4a\" class=\"wp-block-gutenbee-heading block-ed0287-27f6-4a\">Oignon Bhaji<\/h5><style>.wp-block-gutenbee-heading.block-ed0287-27f6-4a { font-size: 24px; }<\/style>\n\n\n\n<p id=\"block-511863-081a-4d\" class=\"wp-block-gutenbee-paragraph block-511863-081a-4d wp-block-gutenbee-food-menu-item-price\">13\u20ac<\/p><style>.wp-block-gutenbee-paragraph.block-511863-081a-4d { font-size: 24px; }<\/style>\n\n\n\n<p id=\"block-4b5249-c810-48\" class=\"wp-block-gutenbee-paragraph block-4b5249-c810-48\">Notre version l\u00e9g\u00e8re et croustillante de ce plat classique servi avec son chutney de mangue (V)<\/p>\n<\/div>\n<\/div>\n\n\n\n<div class=\"wp-block-gutenbee-food-menu-item block-6e74c1-cd12-42\"><style>.block-6e74c1-cd12-42 { align-items: flex-start; }<\/style>\n<figure id=\"block-aff99b-2a35-46\" class=\"wp-block-gutenbee-image block-aff99b-2a35-46 size-thumbnail\"><style>.wp-block-gutenbee-image.block-aff99b-2a35-46 img { width: 80px; }<\/style><img width=\"150\" height=\"150\" src=\"https:\/\/tsarettaspicefrance.com\/wp-content\/uploads\/2022\/08\/chili.png\" alt=\"\" class=\"wp-image-161\"\/><\/figure>\n\n\n\n<div class=\"wp-block-gutenbee-food-menu-wrapper wp-block-gutenbee-food-menu-item-wrapper\">\n<h5 id=\"block-db7d93-fda0-42\" class=\"wp-block-gutenbee-heading block-db7d93-fda0-42\">Chou-fleur de Manchurian<\/h5><style>.wp-block-gutenbee-heading.block-db7d93-fda0-42 { font-size: 24px; }<\/style>\n\n\n\n<p id=\"block-c32a2f-acc7-42\" class=\"wp-block-gutenbee-paragraph block-c32a2f-acc7-42 wp-block-gutenbee-food-menu-item-price\">13.5\u20ac<\/p><style>.wp-block-gutenbee-paragraph.block-c32a2f-acc7-42 { font-size: 24px; }<\/style>\n\n\n\n<p id=\"block-47d2e0-5eb7-4d\" class=\"wp-block-gutenbee-paragraph block-47d2e0-5eb7-4d\">Bouquets de chou-fleur, napp\u00e9s d'une sauce piquante \u00e9pic\u00e9e (V)<\/p>\n<\/div>\n<\/div>\n\n\n\n<div class=\"wp-block-gutenbee-food-menu-item block-82fcaa-aed7-46\"><style>.block-82fcaa-aed7-46 { align-items: flex-start; }<\/style>\n<figure id=\"block-6f1ce8-9f37-43\" class=\"wp-block-gutenbee-image block-6f1ce8-9f37-43 size-thumbnail\"><style>.wp-block-gutenbee-image.block-6f1ce8-9f37-43 img { width: 80px; }<\/style><img width=\"150\" height=\"150\" src=\"https:\/\/tsarettaspicefrance.com\/wp-content\/uploads\/2022\/08\/chili.png\" alt=\"\" class=\"wp-image-161\"\/><\/figure>\n\n\n\n<div class=\"wp-block-gutenbee-food-menu-wrapper wp-block-gutenbee-food-menu-item-wrapper\">\n<h5 id=\"block-d7e9ee-7122-43\" class=\"wp-block-gutenbee-heading block-d7e9ee-7122-43\">Rosemary Poulet Tikka<\/h5><style>.wp-block-gutenbee-heading.block-d7e9ee-7122-43 { font-size: 24px; }<\/style>\n\n\n\n<p id=\"block-e0a00e-77bb-4b\" class=\"wp-block-gutenbee-paragraph block-e0a00e-77bb-4b wp-block-gutenbee-food-menu-item-price\">15\u20ac<\/p><style>.wp-block-gutenbee-paragraph.block-e0a00e-77bb-4b { font-size: 24px; }<\/style>\n\n\n\n<p id=\"block-455e5c-d033-4e\" class=\"wp-block-gutenbee-paragraph block-455e5c-d033-4e\">Tendres filets de poulet marin\u00e9s au piment kashimiri et au yaourt (L)<\/p>\n<\/div>\n<\/div>\n\n\n\n<div class=\"wp-block-gutenbee-food-menu-item block-db808a-e728-46\"><style>.block-db808a-e728-46 { align-items: flex-start; }<\/style>\n<figure id=\"block-8646da-95ef-46\" class=\"wp-block-gutenbee-image block-8646da-95ef-46 size-thumbnail\"><style>.wp-block-gutenbee-image.block-8646da-95ef-46 img { width: 80px; }<\/style><img width=\"150\" height=\"150\" src=\"https:\/\/tsarettaspicefrance.com\/wp-content\/uploads\/2022\/08\/chili.png\" alt=\"\" class=\"wp-image-161\"\/><\/figure>\n\n\n\n<div class=\"wp-block-gutenbee-food-menu-wrapper wp-block-gutenbee-food-menu-item-wrapper\">\n<h5 id=\"block-3eb00c-36ad-4d\" class=\"wp-block-gutenbee-heading block-3eb00c-36ad-4d\">Gambas Kalimiri<\/h5><style>.wp-block-gutenbee-heading.block-3eb00c-36ad-4d { font-size: 24px; }<\/style>\n\n\n\n<p id=\"block-007a82-dae8-44\" class=\"wp-block-gutenbee-paragraph block-007a82-dae8-44 wp-block-gutenbee-food-menu-item-price\">15\u20ac<\/p><style>.wp-block-gutenbee-paragraph.block-007a82-dae8-44 { font-size: 24px; }<\/style>\n\n\n\n<p id=\"block-5979a0-0616-44\" class=\"wp-block-gutenbee-paragraph block-5979a0-0616-44\">Gambas frites accompagn\u00e9es de gingembre, chili et feuilles de curry (P, L)<\/p>\n<\/div>\n<\/div>\n<\/div>\n\n\n\n<h2 id=\"block-342c0f-1b78-47\" class=\"wp-block-gutenbee-heading block-342c0f-1b78-47\">Salades<\/h2><style>.wp-block-gutenbee-heading.block-342c0f-1b78-47 { margin-bottom: 50px; font-size: 46px; text-align: center; }<\/style>\n\n\n\n<div id=\"block-2cba9c-4a9a-4a\" class=\"wp-block-gutenbee-food-menu block-2cba9c-4a9a-4a gutenbee-food-menu-columns-desktop-2 gutenbee-food-menu-columns-tablet-1 gutenbee-food-menu-columns-mobile-1\">\n<div class=\"wp-block-gutenbee-food-menu-item block-6b5a78-70be-42\"><style>.block-6b5a78-70be-42 { align-items: flex-start; }<\/style>\n<figure id=\"block-14fd19-6f2f-45\" class=\"wp-block-gutenbee-image block-14fd19-6f2f-45 size-thumbnail\"><style>.wp-block-gutenbee-image.block-14fd19-6f2f-45 img { width: 80px; }<\/style><img width=\"150\" height=\"150\" src=\"https:\/\/tsarettaspicefrance.com\/wp-content\/uploads\/2022\/08\/chili-0-2.png\" alt=\"\" class=\"wp-image-160\"\/><\/figure>\n\n\n\n<div class=\"wp-block-gutenbee-food-menu-wrapper wp-block-gutenbee-food-menu-item-wrapper\">\n<h5 id=\"block-4a6cd2-47ab-4a\" class=\"wp-block-gutenbee-heading block-4a6cd2-47ab-4a\">Greco-Indienne<\/h5><style>.wp-block-gutenbee-heading.block-4a6cd2-47ab-4a { font-size: 24px; }<\/style>\n\n\n\n<p id=\"block-c849ea-e3fb-45\" class=\"wp-block-gutenbee-paragraph block-c849ea-e3fb-45 wp-block-gutenbee-food-menu-item-price\">17\u20ac<\/p><style>.wp-block-gutenbee-paragraph.block-c849ea-e3fb-45 { font-size: 24px; }<\/style>\n\n\n\n<p id=\"block-d2e16d-d93c-48\" class=\"wp-block-gutenbee-paragraph block-d2e16d-d93c-48\">Salade, feta, onion bhaji concombre, tomate cerise , radis (L,V)<\/p>\n<\/div>\n<\/div>\n\n\n\n<div class=\"wp-block-gutenbee-food-menu-item block-4d899b-60d2-4a\"><style>.block-4d899b-60d2-4a { align-items: flex-start; }<\/style>\n<figure id=\"block-2b99b6-9803-44\" class=\"wp-block-gutenbee-image block-2b99b6-9803-44 size-thumbnail\"><style>.wp-block-gutenbee-image.block-2b99b6-9803-44 img { width: 80px; }<\/style><img width=\"150\" height=\"150\" src=\"https:\/\/tsarettaspicefrance.com\/wp-content\/uploads\/2022\/08\/chili.png\" alt=\"\" class=\"wp-image-161\"\/><\/figure>\n\n\n\n<div class=\"wp-block-gutenbee-food-menu-wrapper wp-block-gutenbee-food-menu-item-wrapper\">\n<h5 id=\"block-96d693-24c0-40\" class=\"wp-block-gutenbee-heading block-96d693-24c0-40\">Poulet tikka<\/h5><style>.wp-block-gutenbee-heading.block-96d693-24c0-40 { font-size: 24px; }<\/style>\n\n\n\n<p id=\"block-c9f129-da26-48\" class=\"wp-block-gutenbee-paragraph block-c9f129-da26-48 wp-block-gutenbee-food-menu-item-price\">18\u20ac<\/p><style>.wp-block-gutenbee-paragraph.block-c9f129-da26-48 { font-size: 24px; }<\/style>\n\n\n\n<p id=\"block-afe0a8-7466-43\" class=\"wp-block-gutenbee-paragraph block-afe0a8-7466-43\">Salade, poulet marin\u00e9 tikka, concombre, tomate cerise, radis (L)<\/p>\n<\/div>\n<\/div>\n<\/div>\n\n\n\n<h2 id=\"block-56f339-5438-44\" class=\"wp-block-gutenbee-heading block-56f339-5438-44\">Plats principaux<\/h2><style>.wp-block-gutenbee-heading.block-56f339-5438-44 { margin-bottom: 50px; font-size: 46px; text-align: center; }<\/style>\n\n\n\n<p class=\"has-text-align-center\">Tous les plats sont accompagnes de riz basmati<\/p>\n\n\n\n<div id=\"block-2a4ef5-26a8-40\" class=\"wp-block-gutenbee-food-menu block-2a4ef5-26a8-40 gutenbee-food-menu-columns-desktop-1 gutenbee-food-menu-columns-tablet-1 gutenbee-food-menu-columns-mobile-1\">\n<div class=\"wp-block-gutenbee-food-menu-item block-17c5da-bc9d-45\"><style>.block-17c5da-bc9d-45 { align-items: flex-start; }<\/style>\n<figure id=\"block-4bed96-4382-44\" class=\"wp-block-gutenbee-image block-4bed96-4382-44 size-thumbnail\"><style>.wp-block-gutenbee-image.block-4bed96-4382-44 img { width: 80px; }<\/style><img width=\"150\" height=\"150\" src=\"https:\/\/tsarettaspicefrance.com\/wp-content\/uploads\/2022\/08\/chili.png\" alt=\"\" class=\"wp-image-161\"\/><\/figure>\n\n\n\n<div class=\"wp-block-gutenbee-food-menu-wrapper wp-block-gutenbee-food-menu-item-wrapper\">\n<h5 id=\"block-8a5516-017b-4c\" class=\"wp-block-gutenbee-heading block-8a5516-017b-4c\">Poulet au beurre de Delhi<\/h5><style>.wp-block-gutenbee-heading.block-8a5516-017b-4c { font-size: 24px; }<\/style>\n\n\n\n<p id=\"block-84bd38-5cb2-49\" class=\"wp-block-gutenbee-paragraph block-84bd38-5cb2-49 wp-block-gutenbee-food-menu-item-price\">23\u20ac<\/p><style>.wp-block-gutenbee-paragraph.block-84bd38-5cb2-49 { font-size: 24px; }<\/style>\n\n\n\n<p id=\"block-b4856c-43a1-4d\" class=\"wp-block-gutenbee-paragraph block-b4856c-43a1-4d\">Filets de poulet cuit dans une sauce tomate cr\u00e9meuse (L,N)<\/p>\n<\/div>\n<\/div>\n\n\n\n<div class=\"wp-block-gutenbee-food-menu-item block-8a56a2-3806-4d\"><style>.block-8a56a2-3806-4d { align-items: flex-start; }<\/style>\n<figure id=\"block-ba8faa-1f1c-43\" class=\"wp-block-gutenbee-image block-ba8faa-1f1c-43 size-thumbnail\"><style>.wp-block-gutenbee-image.block-ba8faa-1f1c-43 img { width: 80px; }<\/style><img width=\"150\" height=\"150\" src=\"https:\/\/tsarettaspicefrance.com\/wp-content\/uploads\/2022\/08\/chili-2.png\" alt=\"\" class=\"wp-image-162\"\/><\/figure>\n\n\n\n<div class=\"wp-block-gutenbee-food-menu-wrapper wp-block-gutenbee-food-menu-item-wrapper\">\n<h5 id=\"block-9b7482-2313-47\" class=\"wp-block-gutenbee-heading block-9b7482-2313-47 has-text-color\" style=\"color:#101010\">Kasamiri Rogan Josh<\/h5><style>.wp-block-gutenbee-heading.block-9b7482-2313-47 { font-size: 24px; }<\/style>\n\n\n\n<p id=\"block-af4a6a-4a11-47\" class=\"wp-block-gutenbee-paragraph block-af4a6a-4a11-47 wp-block-gutenbee-food-menu-item-price\">24\u20ac<\/p><style>.wp-block-gutenbee-paragraph.block-af4a6a-4a11-47 { font-size: 24px; }<\/style>\n\n\n\n<p id=\"block-79b777-6dc8-4c\" class=\"wp-block-gutenbee-paragraph block-79b777-6dc8-4c\">Agneau succulent cuit avec oignon brun, piment du Cachemire et \u00e9pices<\/p>\n<\/div>\n<\/div>\n\n\n\n<div class=\"wp-block-gutenbee-food-menu-item block-b9eb37-7880-49\"><style>.block-b9eb37-7880-49 { align-items: flex-start; }<\/style>\n<figure id=\"block-c300be-ff54-4c\" class=\"wp-block-gutenbee-image block-c300be-ff54-4c size-thumbnail\"><style>.wp-block-gutenbee-image.block-c300be-ff54-4c img { width: 80px; }<\/style><img width=\"150\" height=\"150\" src=\"https:\/\/tsarettaspicefrance.com\/wp-content\/uploads\/2022\/08\/chili.png\" alt=\"\" class=\"wp-image-161\"\/><\/figure>\n\n\n\n<div class=\"wp-block-gutenbee-food-menu-wrapper wp-block-gutenbee-food-menu-item-wrapper\">\n<h5 id=\"block-c66ec4-65f3-40\" class=\"wp-block-gutenbee-heading block-c66ec4-65f3-40\">Taldka Dal<\/h5><style>.wp-block-gutenbee-heading.block-c66ec4-65f3-40 { font-size: 24px; }<\/style>\n\n\n\n<p id=\"block-4fdc4b-0862-49\" class=\"wp-block-gutenbee-paragraph block-4fdc4b-0862-49 wp-block-gutenbee-food-menu-item-price\">19\u20ac<\/p><style>.wp-block-gutenbee-paragraph.block-4fdc4b-0862-49 { font-size: 24px; }<\/style>\n\n\n\n<p id=\"block-f50c00-c7cb-40\" class=\"wp-block-gutenbee-paragraph block-f50c00-c7cb-40\">Plat indien populaire de lentilles jaunes, l\u00e9ger et savoureux (V)<\/p>\n<\/div>\n<\/div>\n\n\n\n<div class=\"wp-block-gutenbee-food-menu-item block-da5b9c-0d3f-43\"><style>.block-da5b9c-0d3f-43 { align-items: flex-start; }<\/style>\n<figure id=\"block-69c749-3620-46\" class=\"wp-block-gutenbee-image block-69c749-3620-46 size-thumbnail\"><style>.wp-block-gutenbee-image.block-69c749-3620-46 img { width: 80px; }<\/style><img width=\"150\" height=\"150\" src=\"https:\/\/tsarettaspicefrance.com\/wp-content\/uploads\/2022\/08\/chili.png\" alt=\"\" class=\"wp-image-161\"\/><\/figure>\n\n\n\n<div class=\"wp-block-gutenbee-food-menu-wrapper wp-block-gutenbee-food-menu-item-wrapper\">\n<h5 id=\"block-91773a-3250-44\" class=\"wp-block-gutenbee-heading block-91773a-3250-44\">Sandwich au Naan<\/h5><style>.wp-block-gutenbee-heading.block-91773a-3250-44 { font-size: 24px; }<\/style>\n\n\n\n<p id=\"block-f42caf-13ca-40\" class=\"wp-block-gutenbee-paragraph block-f42caf-13ca-40 wp-block-gutenbee-food-menu-item-price\">15\u20ac<\/p><style>.wp-block-gutenbee-paragraph.block-f42caf-13ca-40 { font-size: 24px; }<\/style>\n\n\n\n<p id=\"block-fed0c5-733d-43\" class=\"wp-block-gutenbee-paragraph block-fed0c5-733d-43\">Sandwich servis dans un naan maison, salade , concombre, oignons rouges, pakora de pomme de terre 1 viandes au choix, 2 sauces au choix<br>*Poulet Tikka (D,G)<br>*Souris d\u2019agneau effiloch\u00e9e (L,G)<br>*Vegetarian: poivrons vert, rouge et jaune (V,L,G)<br>Sauces disponibles: Mayonnaise au curry, ketchup, Menthe et coriander, Fromagere<\/p>\n<\/div>\n<\/div>\n\n\n\n<div class=\"wp-block-gutenbee-food-menu-item block-f7d3ed-0523-49\"><style>.block-f7d3ed-0523-49 { align-items: flex-start; }<\/style>\n<figure id=\"block-6192e3-7d03-4c\" class=\"wp-block-gutenbee-image block-6192e3-7d03-4c size-thumbnail\"><style>.wp-block-gutenbee-image.block-6192e3-7d03-4c img { width: 80px; }<\/style><img width=\"150\" height=\"150\" src=\"https:\/\/tsarettaspicefrance.com\/wp-content\/uploads\/2022\/08\/chili.png\" alt=\"\" class=\"wp-image-161\"\/><\/figure>\n\n\n\n<div class=\"wp-block-gutenbee-food-menu-wrapper wp-block-gutenbee-food-menu-item-wrapper\">\n<h5 id=\"block-4b8117-cac0-42\" class=\"wp-block-gutenbee-heading block-4b8117-cac0-42\">Menu - Naanwich, frites et boisson<\/h5><style>.wp-block-gutenbee-heading.block-4b8117-cac0-42 { font-size: 24px; }<\/style>\n\n\n\n<p id=\"block-79fb49-fa01-41\" class=\"wp-block-gutenbee-paragraph block-79fb49-fa01-41 wp-block-gutenbee-food-menu-item-price\">20\u20ac<\/p><style>.wp-block-gutenbee-paragraph.block-79fb49-fa01-41 { font-size: 24px; }<\/style>\n\n\n\n<p id=\"block-ff2284-1f51-4b\" class=\"wp-block-gutenbee-paragraph block-ff2284-1f51-4b\"><\/p>\n<\/div>\n<\/div>\n<\/div>\n\n\n\n<div id=\"block-6fe750-52c4-45\" class=\"wp-block-gutenbee-food-menu block-6fe750-52c4-45 gutenbee-food-menu-columns-desktop-1 gutenbee-food-menu-columns-tablet-1 gutenbee-food-menu-columns-mobile-1\">\n<div class=\"wp-block-gutenbee-food-menu-item block-14a6ae-65d3-4e\"><style>.block-14a6ae-65d3-4e { align-items: flex-start; }<\/style>\n\n\n<div class=\"wp-block-gutenbee-food-menu-wrapper wp-block-gutenbee-food-menu-item-wrapper\">\n<h5 id=\"block-1e4b61-95d3-41\" class=\"wp-block-gutenbee-heading block-1e4b61-95d3-41\"><\/h5><style>.wp-block-gutenbee-heading.block-1e4b61-95d3-41 { font-size: 22px; }<\/style>\n\n\n\n<p id=\"block-62f747-645e-40\" class=\"wp-block-gutenbee-paragraph block-62f747-645e-40 wp-block-gutenbee-food-menu-item-price\"><\/p>\n\n\n\n<p id=\"block-92ac40-4f6d-4f\" class=\"wp-block-gutenbee-paragraph block-92ac40-4f6d-4f\"><\/p>\n<\/div>\n<\/div>\n<\/div>\n\n\n\n<h2 id=\"block-1019d6-73ed-41\" class=\"wp-block-gutenbee-heading block-1019d6-73ed-41\">Accompagnements<\/h2><style>.wp-block-gutenbee-heading.block-1019d6-73ed-41 { margin-bottom: 50px; font-size: 46px; text-align: center; }<\/style>\n\n\n\n<div id=\"block-907f34-8466-44\" class=\"wp-block-gutenbee-food-menu block-907f34-8466-44 gutenbee-food-menu-columns-desktop-2 gutenbee-food-menu-columns-tablet-1 gutenbee-food-menu-columns-mobile-1\">\n<div class=\"wp-block-gutenbee-food-menu-item block-c1ee56-8bb5-45\"><style>.block-c1ee56-8bb5-45 { align-items: flex-start; }<\/style>\n<figure id=\"block-1a6fbf-94e5-46\" class=\"wp-block-gutenbee-image block-1a6fbf-94e5-46\"><style>.wp-block-gutenbee-image.block-1a6fbf-94e5-46 img { width: 80px; }<\/style><img width=\"150\" height=\"150\" src=\"https:\/\/tsarettaspicefrance.com\/wp-content\/uploads\/2022\/08\/chili-0-2.png\" alt=\"\" class=\"wp-image-160\"\/><\/figure>\n\n\n\n<div class=\"wp-block-gutenbee-food-menu-wrapper wp-block-gutenbee-food-menu-item-wrapper\">\n<h5 id=\"block-14e981-006f-45\" class=\"wp-block-gutenbee-heading block-14e981-006f-45 has-text-color\" style=\"color:#e51d1d\">Fries<\/h5><style>.wp-block-gutenbee-heading.block-14e981-006f-45 { font-size: 22px; }<\/style>\n\n\n\n<p id=\"block-a994b1-dcbc-48\" class=\"wp-block-gutenbee-paragraph block-a994b1-dcbc-48 wp-block-gutenbee-food-menu-item-price\">3.5\u20ac<\/p><style>.wp-block-gutenbee-paragraph.block-a994b1-dcbc-48 { font-size: 24px; }<\/style>\n\n\n\n<p id=\"block-97b85d-8545-45\" class=\"wp-block-gutenbee-paragraph block-97b85d-8545-45\"><\/p>\n<\/div>\n<\/div>\n\n\n\n<div class=\"wp-block-gutenbee-food-menu-item block-dbdb7b-dc18-45\"><style>.block-dbdb7b-dc18-45 { align-items: flex-start; }<\/style>\n<figure id=\"block-cf45b2-4e45-47\" class=\"wp-block-gutenbee-image block-cf45b2-4e45-47\"><style>.wp-block-gutenbee-image.block-cf45b2-4e45-47 img { width: 80px; }<\/style><img width=\"150\" height=\"150\" src=\"https:\/\/tsarettaspicefrance.com\/wp-content\/uploads\/2022\/08\/chili-0-2.png\" alt=\"\" class=\"wp-image-160\"\/><\/figure>\n\n\n\n<div class=\"wp-block-gutenbee-food-menu-wrapper wp-block-gutenbee-food-menu-item-wrapper\">\n<h5 id=\"block-6c17f9-b615-48\" class=\"wp-block-gutenbee-heading block-6c17f9-b615-48\">Naan nature<\/h5><style>.wp-block-gutenbee-heading.block-6c17f9-b615-48 { font-size: 22px; }<\/style>\n\n\n\n<p id=\"block-9781ac-d941-4e\" class=\"wp-block-gutenbee-paragraph block-9781ac-d941-4e wp-block-gutenbee-food-menu-item-price\"> 4.5\u20ac<\/p><style>.wp-block-gutenbee-paragraph.block-9781ac-d941-4e { font-size: 24px; }<\/style>\n\n\n\n<p id=\"block-75d8e7-1803-4f\" class=\"wp-block-gutenbee-paragraph block-75d8e7-1803-4f\">(G)<\/p>\n<\/div>\n<\/div>\n\n\n\n<div class=\"wp-block-gutenbee-food-menu-item block-2cceba-ffbf-4d\"><style>.block-2cceba-ffbf-4d { align-items: flex-start; }<\/style>\n<figure id=\"block-0de993-f1c1-4b\" class=\"wp-block-gutenbee-image block-0de993-f1c1-4b\"><style>.wp-block-gutenbee-image.block-0de993-f1c1-4b img { width: 80px; }<\/style><img width=\"150\" height=\"150\" src=\"https:\/\/tsarettaspicefrance.com\/wp-content\/uploads\/2022\/08\/chili-0-2.png\" alt=\"\" class=\"wp-image-160\"\/><\/figure>\n\n\n\n<div class=\"wp-block-gutenbee-food-menu-wrapper wp-block-gutenbee-food-menu-item-wrapper\">\n<h5 id=\"block-c86f09-0c81-41\" class=\"wp-block-gutenbee-heading block-c86f09-0c81-41\">Naan \u00e0 l'ail<\/h5><style>.wp-block-gutenbee-heading.block-c86f09-0c81-41 { font-size: 22px; }<\/style>\n\n\n\n<p id=\"block-bf8ce9-b743-4e\" class=\"wp-block-gutenbee-paragraph block-bf8ce9-b743-4e wp-block-gutenbee-food-menu-item-price\">5\u20ac<\/p><style>.wp-block-gutenbee-paragraph.block-bf8ce9-b743-4e { font-size: 24px; }<\/style>\n\n\n\n<p id=\"block-854f30-4876-4e\" class=\"wp-block-gutenbee-paragraph block-854f30-4876-4e\">(G,D,V)<\/p>\n<\/div>\n<\/div>\n\n\n\n<div class=\"wp-block-gutenbee-food-menu-item block-33f318-99ed-4b\"><style>.block-33f318-99ed-4b { align-items: flex-start; }<\/style>\n<figure id=\"block-75ed5f-ac64-48\" class=\"wp-block-gutenbee-image block-75ed5f-ac64-48\"><style>.wp-block-gutenbee-image.block-75ed5f-ac64-48 img { width: 80px; }<\/style><img width=\"150\" height=\"150\" src=\"https:\/\/tsarettaspicefrance.com\/wp-content\/uploads\/2022\/08\/chili-0-2.png\" alt=\"\" class=\"wp-image-160\"\/><\/figure>\n\n\n\n<div class=\"wp-block-gutenbee-food-menu-wrapper wp-block-gutenbee-food-menu-item-wrapper\">\n<h5 id=\"block-0c9faa-76bf-46\" class=\"wp-block-gutenbee-heading block-0c9faa-76bf-46\">Naan au fromage<\/h5><style>.wp-block-gutenbee-heading.block-0c9faa-76bf-46 { font-size: 22px; }<\/style>\n\n\n\n<p id=\"block-542ff9-b719-46\" class=\"wp-block-gutenbee-paragraph block-542ff9-b719-46 wp-block-gutenbee-food-menu-item-price\">5\u20ac<\/p><style>.wp-block-gutenbee-paragraph.block-542ff9-b719-46 { font-size: 24px; }<\/style>\n\n\n\n<p id=\"block-bdadab-ecf9-47\" class=\"wp-block-gutenbee-paragraph block-bdadab-ecf9-47\">(G,D,V)<\/p>\n<\/div>\n<\/div>\n<\/div>\n\n\n\n<div class=\"wp-container-1 wp-block-buttons\">\n<div class=\"wp-block-button aligncenter\"><a class=\"wp-block-button__link has-theme-white-color has-text-color has-background\" href=\"https:\/\/bookings.zenchef.com\/results?rid=368892&amp;pid=1001\" style=\"background-color:#e51d1d\">R\u00c9SERVER UNE TABLE<\/a><\/div>\n<\/div>","protected":false},"excerpt":{"rendered":"<p>It\u2019s here that you\u2019ll discover the create flair of our team of chefs. We\u2019re sure you\u2019ll discover your favourite Asian dishes, alongside some contemporary plates [&hellip;]<\/p>","protected":false},"author":3,"featured_media":0,"parent":30,"menu_order":0,"comment_status":"closed","ping_status":"closed","template":"templates\/template-fullwidth-narrow.php","meta":[],"_links":{"self":[{"href":"https:\/\/tsarettaspicefrance.com\/fr\/wp-json\/wp\/v2\/pages\/319"}],"collection":[{"href":"https:\/\/tsarettaspicefrance.com\/fr\/wp-json\/wp\/v2\/pages"}],"about":[{"href":"https:\/\/tsarettaspicefrance.com\/fr\/wp-json\/wp\/v2\/types\/page"}],"author":[{"embeddable":true,"href":"https:\/\/tsarettaspicefrance.com\/fr\/wp-json\/wp\/v2\/users\/3"}],"replies":[{"embeddable":true,"href":"https:\/\/tsarettaspicefrance.com\/fr\/wp-json\/wp\/v2\/comments?post=319"}],"version-history":[{"count":5,"href":"https:\/\/tsarettaspicefrance.com\/fr\/wp-json\/wp\/v2\/pages\/319\/revisions"}],"predecessor-version":[{"id":330,"href":"https:\/\/tsarettaspicefrance.com\/fr\/wp-json\/wp\/v2\/pages\/319\/revisions\/330"}],"up":[{"embeddable":true,"href":"https:\/\/tsarettaspicefrance.com\/fr\/wp-json\/wp\/v2\/pages\/30"}],"wp:attachment":[{"href":"https:\/\/tsarettaspicefrance.com\/fr\/wp-json\/wp\/v2\/media?parent=319"}],"curies":[{"name":"wp","href":"https:\/\/api.w.org\/{rel}","templated":true}]}}