{"id":51,"date":"2021-08-03T13:40:44","date_gmt":"2021-08-03T13:40:44","guid":{"rendered":"https:\/\/www.cssigniter.com\/demos\/korina\/?page_id=51"},"modified":"2022-08-20T14:38:35","modified_gmt":"2022-08-20T14:38:35","slug":"our-health-and-safety-policy","status":"publish","type":"page","link":"https:\/\/tsarettaspicefrance.com\/fr\/our-health-and-safety-policy\/","title":{"rendered":"Sant\u00e9 et s\u00e9curit\u00e9"},"content":{"rendered":"<h4>We are acutely aware that the Health &amp; Safety of our customers and colleagues is of paramount importance. We take all the precautions necessary to keep every visitor to our premises safe.<\/h4>\n\n\n\n<p>Our risk assessment process ensures that all procedures comply with the Government\u2019s Health &amp; Safety guidelines at any given point in time. Such procedures are carefully designed to manage the service and delivery of food and beverages with the minimum of risk.<\/p>\n\n\n\n<p>These include, but are not limited to, the following elements of our business operations:<\/p>\n\n\n\n<ul><li>R\u00e9servations<\/li><li>Access to the premises<\/li><li>Ordering and service practices for on-site dining, takeaway and delivery<\/li><li>Use of toilets<\/li><li>Movement on and around the premises<\/li><li>Hygiene and sanitisation protocols<\/li><li>Staff interaction and health<\/li><\/ul>\n\n\n\n<p>We take these matters very seriously and would respectfully request both your patience and support in complying with the measures we are required to have in place.<\/p>\n\n\n\n<p>We do have extensive seating outside for those who prefer it.<\/p>\n\n\n\n<p>Thank You<\/p>\n\n\n\n<p>The Tsaretta Spice Team<\/p>","protected":false},"excerpt":{"rendered":"<p>We are acutely aware that the Health &amp; Safety of our customers and colleagues is of paramount importance. We take all the precautions necessary to [&hellip;]<\/p>","protected":false},"author":1,"featured_media":0,"parent":0,"menu_order":0,"comment_status":"closed","ping_status":"closed","template":"templates\/template-fullwidth-narrow.php","meta":[],"_links":{"self":[{"href":"https:\/\/tsarettaspicefrance.com\/fr\/wp-json\/wp\/v2\/pages\/51"}],"collection":[{"href":"https:\/\/tsarettaspicefrance.com\/fr\/wp-json\/wp\/v2\/pages"}],"about":[{"href":"https:\/\/tsarettaspicefrance.com\/fr\/wp-json\/wp\/v2\/types\/page"}],"author":[{"embeddable":true,"href":"https:\/\/tsarettaspicefrance.com\/fr\/wp-json\/wp\/v2\/users\/1"}],"replies":[{"embeddable":true,"href":"https:\/\/tsarettaspicefrance.com\/fr\/wp-json\/wp\/v2\/comments?post=51"}],"version-history":[{"count":3,"href":"https:\/\/tsarettaspicefrance.com\/fr\/wp-json\/wp\/v2\/pages\/51\/revisions"}],"predecessor-version":[{"id":225,"href":"https:\/\/tsarettaspicefrance.com\/fr\/wp-json\/wp\/v2\/pages\/51\/revisions\/225"}],"wp:attachment":[{"href":"https:\/\/tsarettaspicefrance.com\/fr\/wp-json\/wp\/v2\/media?parent=51"}],"curies":[{"name":"wp","href":"https:\/\/api.w.org\/{rel}","templated":true}]}}